{"id":7275,"date":"2025-12-17T15:36:41","date_gmt":"2025-12-17T13:36:41","guid":{"rendered":"https:\/\/elberry.ee\/?post_type=product&#038;p=7275"},"modified":"2026-02-28T12:21:54","modified_gmt":"2026-02-28T10:21:54","slug":"lummav-leeder-3-purki-kinkepakk","status":"publish","type":"product","link":"https:\/\/elberry.ee\/ru\/toode\/lummav-leeder-3-purki-kinkepakk\/","title":{"rendered":"Lummav leeder &#8212; 3 purki &#8212; KINKEPAKK!"},"content":{"rendered":"<p>Oled l\u00e4hedasele kingituse otsinguil? <strong>Aitame Sul teha k\u00f5ige v\u00e4\u00e4rtuslikuma kingi &#8212; selleks on tervis!<\/strong><\/p>\n<p>Telli antud toode ning pakime <strong>3 purki kaunisse kinkepakki<\/strong>! Lisaks s\u00e4\u00e4stad iga purgi hinnalt ning pakk j\u00f5uab Sinuni Eesti piires tasuta!<\/p>\n<p>&nbsp;<\/p>\n<p class=\"p1\"><b>Musta leedri marjade ekstraktiga <\/b>kapslid. Must leeder aitab toetada <strong>immuuns\u00fcsteemi ja hingamisteede heaolu<\/strong>.<\/p>\n<ul>\n<li>Toote retsept on valminud pikaaegse arendust\u00f6\u00f6 tulemusena Eestis, Tartu \u00dclikooli farmaatsia instituudis;<\/li>\n<li class=\"p2\">t\u00e4iteainena on kasutatud kiudainet inuliini;<\/li>\n<li class=\"p2\">ei sisalda s\u00e4ilitusaineid, toiduv\u00e4rve, s\u00fcnteetilisi l\u00f5hna- ja maitseaineid, soja, laktoosi, gluteeni, p\u00e4rmi;<\/li>\n<li class=\"p2\">vegan.<\/li>\n<\/ul>\n<p><strong>Koostisosad<\/strong>: musta leedri marjade ekstrakt (Sambucus nigra), inuliin, glaseeraine pullulaan.<\/p>\n<p><span style=\"font-weight: 400;\"><strong>Annustamine<\/strong>:<\/span><\/p>\n<p><span style=\"font-weight: 400;\">7+ aastat: 1 kapsel 2 korda p\u00e4evas<\/span><\/p>\n<p><span style=\"font-weight: 400;\">18+ aastat: 2 kapslit 2 korda p\u00e4evas<\/span><\/p>\n<p><span style=\"font-weight: 400;\">Kapsleid v\u00f5ib v\u00f5tta topeltkoguses (vastavalt 2 ja 4 kapslit 2 korda p\u00e4evas). <\/span><\/p>\n<p><span style=\"font-weight: 400;\">Toodet kasutada j\u00e4rjest maksimaalselt 14-p\u00e4evaste kuuridena (kahe kuuri vahe v\u00f5iks olla v\u00e4hemalt 1 kuu).<\/span><\/p>\n<p><span style=\"font-weight: 400;\"><strong>P\u00e4evane annus<\/strong> (2-8 kapslit) sisaldab: <\/span><span style=\"font-weight: 400;\">440-1760mg musta leedri marjade ekstrakti.<\/span><\/p>\n<p>Mitte \u00fcletada p\u00e4evaseks tarbimiseks soovitatud kogust. Mitte kasutada toidulisandit mitmekesise toitumise asendajana. Oluline on toituda mitmek\u00fclgselt ja tasakaalustatult ning harrastada tervislikku elustiili.<\/p>\n<p>Krooniliste haiguste ja ravimite kasutamise korral konsulteerida arsti v\u00f5i apteekriga.<\/p>\n<p>Hoida lastele k\u00e4ttesaamatus kohas!<\/p>\n<p>&nbsp;<\/p>\n<p>Meie tooted j\u00f5uavad Sinuni <strong>taaskasutatud paberkattega<\/strong> v\u00f5i <strong>murupaberist mulli\u00fcmbrikus<\/strong>! Murupaberist \u00fcmbrik on toodetud kuni 70% taaskasutatud rohukiust valmistatud paberist ja sees on eraldatav mullikile, mis lihtsustab j\u00e4\u00e4tmete sorteerimist. Muru on\u00a0kiiresti kasvav ja ressursse s\u00e4\u00e4stev, mis teeb \u00fcmbriku keskkonnas\u00e4\u00e4stlikumaks.<\/p>\n","protected":false},"excerpt":{"rendered":"<p>Oled l\u00e4hedasele kingituse otsinguil? Aitame Sul teha k\u00f5ige v\u00e4\u00e4rtuslikuma kingi &#8212; selleks on tervis! Telli antud toode ning pakime 3 purki kaunisse kinkepakki! Lisaks s\u00e4\u00e4stad iga purgi hinnalt ning pakk j\u00f5uab Sinuni Eesti piires tasuta! &nbsp; Musta leedri marjade ekstraktiga kapslid. Must leeder aitab toetada immuuns\u00fcsteemi ja hingamisteede heaolu. Toote retsept on valminud pikaaegse arendust\u00f6\u00f6 [&hellip;]<\/p>\n","protected":false},"featured_media":7306,"comment_status":"open","ping_status":"closed","template":"","meta":{"om_disable_all_campaigns":false,"inline_featured_image":false,"_monsterinsights_skip_tracking":false,"_monsterinsights_sitenote_active":false,"_monsterinsights_sitenote_note":"","_monsterinsights_sitenote_category":0,"_uf_show_specific_survey":0,"_uf_disable_surveys":false},"product_brand":[],"product_cat":[104],"product_tag":[],"class_list":{"0":"post-7275","1":"product","2":"type-product","3":"status-publish","4":"has-post-thumbnail","6":"product_cat-taiskasvanutele","7":"shop-item","8":"isotope-item","10":"first","11":"instock","12":"sale","13":"taxable","14":"shipping-taxable","15":"purchasable","16":"product-type-simple"},"aioseo_notices":[],"_links":{"self":[{"href":"https:\/\/elberry.ee\/ru\/wp-json\/wp\/v2\/product\/7275","targetHints":{"allow":["GET"]}}],"collection":[{"href":"https:\/\/elberry.ee\/ru\/wp-json\/wp\/v2\/product"}],"about":[{"href":"https:\/\/elberry.ee\/ru\/wp-json\/wp\/v2\/types\/product"}],"replies":[{"embeddable":true,"href":"https:\/\/elberry.ee\/ru\/wp-json\/wp\/v2\/comments?post=7275"}],"version-history":[{"count":5,"href":"https:\/\/elberry.ee\/ru\/wp-json\/wp\/v2\/product\/7275\/revisions"}],"predecessor-version":[{"id":7309,"href":"https:\/\/elberry.ee\/ru\/wp-json\/wp\/v2\/product\/7275\/revisions\/7309"}],"wp:featuredmedia":[{"embeddable":true,"href":"https:\/\/elberry.ee\/ru\/wp-json\/wp\/v2\/media\/7306"}],"wp:attachment":[{"href":"https:\/\/elberry.ee\/ru\/wp-json\/wp\/v2\/media?parent=7275"}],"wp:term":[{"taxonomy":"product_brand","embeddable":true,"href":"https:\/\/elberry.ee\/ru\/wp-json\/wp\/v2\/product_brand?post=7275"},{"taxonomy":"product_cat","embeddable":true,"href":"https:\/\/elberry.ee\/ru\/wp-json\/wp\/v2\/product_cat?post=7275"},{"taxonomy":"product_tag","embeddable":true,"href":"https:\/\/elberry.ee\/ru\/wp-json\/wp\/v2\/product_tag?post=7275"}],"curies":[{"name":"wp","href":"https:\/\/api.w.org\/{rel}","templated":true}]}}